{"id":368,"date":"2024-11-09T22:37:18","date_gmt":"2024-11-09T22:37:18","guid":{"rendered":"https:\/\/tanzmusik-dreams.at\/?page_id=368"},"modified":"2025-04-09T15:05:34","modified_gmt":"2025-04-09T15:05:34","slug":"operette-musical-programm","status":"publish","type":"page","link":"http:\/\/tanzmusik-dreams.at\/?page_id=368","title":{"rendered":"Operette &#038; Musical"},"content":{"rendered":"<h2><strong>Operette &amp; Musical<\/strong><\/h2>\n<h4><em>Ein Musikprogramm der gro\u00dfen Melodien: Operetten &amp; Musicals<\/em><\/h4>\n<p><img loading=\"lazy\" class=\"alignnone wp-image-369 \" src=\"http:\/\/tanzmusik-dreams.at\/wp-content\/uploads\/2024\/11\/AngieLuigi_pic031-300x225.jpg\" alt=\"\" width=\"391\" height=\"293\" srcset=\"http:\/\/tanzmusik-dreams.at\/wp-content\/uploads\/2024\/11\/AngieLuigi_pic031-300x225.jpg 300w, http:\/\/tanzmusik-dreams.at\/wp-content\/uploads\/2024\/11\/AngieLuigi_pic031-768x576.jpg 768w, http:\/\/tanzmusik-dreams.at\/wp-content\/uploads\/2024\/11\/AngieLuigi_pic031-150x113.jpg 150w, http:\/\/tanzmusik-dreams.at\/wp-content\/uploads\/2024\/11\/AngieLuigi_pic031.jpg 800w\" sizes=\"(max-width: 391px) 100vw, 391px\" \/> &nbsp;&nbsp;<img loading=\"lazy\" class=\"alignnone wp-image-372\" src=\"http:\/\/tanzmusik-dreams.at\/wp-content\/uploads\/2024\/11\/Angie_pic013-300x225.jpg\" alt=\"\" width=\"391\" height=\"293\" srcset=\"http:\/\/tanzmusik-dreams.at\/wp-content\/uploads\/2024\/11\/Angie_pic013-300x225.jpg 300w, http:\/\/tanzmusik-dreams.at\/wp-content\/uploads\/2024\/11\/Angie_pic013-768x576.jpg 768w, http:\/\/tanzmusik-dreams.at\/wp-content\/uploads\/2024\/11\/Angie_pic013-150x113.jpg 150w, http:\/\/tanzmusik-dreams.at\/wp-content\/uploads\/2024\/11\/Angie_pic013.jpg 800w\" sizes=\"(max-width: 391px) 100vw, 391px\" \/>&nbsp;<\/p>\n<p>Erleben Sie eine unvergleichliche musikalische Reise, die Sie von den charmanten Operetten zu den mitrei\u00dfenden Hits der Musicals f\u00fchrt. Ein einzigartiges Programm, das Herz und Seele gleicherma\u00dfen ber\u00fchrt.<\/p>\n<p>Duo-Besetzung: <strong>Luigi &amp; Angie<\/strong> &#8211; <em>die goldene Stimme von Wien<\/em>.<\/p>\n<p><img loading=\"lazy\" class=\" wp-image-371 alignright\" src=\"http:\/\/tanzmusik-dreams.at\/wp-content\/uploads\/2024\/11\/AngieLuigi_pic033-300x225.jpg\" alt=\"\" width=\"283\" height=\"212\" srcset=\"http:\/\/tanzmusik-dreams.at\/wp-content\/uploads\/2024\/11\/AngieLuigi_pic033-300x225.jpg 300w, http:\/\/tanzmusik-dreams.at\/wp-content\/uploads\/2024\/11\/AngieLuigi_pic033-768x576.jpg 768w, http:\/\/tanzmusik-dreams.at\/wp-content\/uploads\/2024\/11\/AngieLuigi_pic033-150x113.jpg 150w, http:\/\/tanzmusik-dreams.at\/wp-content\/uploads\/2024\/11\/AngieLuigi_pic033.jpg 800w\" sizes=\"(max-width: 283px) 100vw, 283px\" \/><\/p>\n<p>Genie\u00dfen Sie die sch\u00f6nsten und humorvollsten Werke der Operettenwelt die schon seit Generationen begeistern wie zum Beispiel: &#8222;Im Prater bl\u00fchen wieder die B\u00e4ume&#8220;, \u201eIm wei\u00dfen R\u00f6ssl\u201c, \u201eDein ist mein ganzes Herz\u201c,&nbsp; &#8222;Lippen sie k\u00fcssen so hei\u00df&#8220;,&nbsp; &#8222;Wiener Blut&#8220;, &#8222;Die Christl von der Post&#8220;, &#8222;Es muss was Wunderbares sein&#8220;, &#8222;Wien Wien nur du allein&#8220;, &#8222;Tanzen m\u00f6cht ich&#8220;, u.v.a.<\/p>\n<p>Tauchen Sie ein in die glitzernde Welt der Musicals &#8222;Elisabeth&#8220;, &#8222;Can Can&#8220;,&nbsp; &#8222;Evita&#8220;, &#8222;Les Mirables&#8220;, &#8222;Ich war noch niemals in New York&#8220;, &#8222;Phantom der Oper&#8220;, u.v.a.<br \/>\nUnvergesslichen Musical HighLights, die jedem eine G\u00e4nsehaut bereiten.<\/p>\n<p>Ein au\u00dfergew\u00f6hnliches Musikprogramm, das Musikliebhaber und Kulturfreunde gleicherma\u00dfen in ihren Bann zieht.<\/p>\n<p>&nbsp;<\/p>\n<h3>H\u00f6rproben:<\/h3>\n<p style=\"padding-left: 60px;\"><div class=\"compact_audio_player_wrapper\"><div class=\"sc_player_container1\"><input type=\"button\" id=\"btnplay_69f5b15e9ea577.87751639\" class=\"myButton_play\" onClick=\"play_mp3('play','69f5b15e9ea577.87751639','http:\/\/www.tanzmusik-dreams.at\/wp-content\/uploads\/mp3\/IchGehoerNurMir(Angie).mp3','80','false');show_hide('play','69f5b15e9ea577.87751639');\" \/><input type=\"button\"  id=\"btnstop_69f5b15e9ea577.87751639\" style=\"display:none\" class=\"myButton_stop\" onClick=\"play_mp3('stop','69f5b15e9ea577.87751639','','80','false');show_hide('stop','69f5b15e9ea577.87751639');\" \/><div id=\"sm2-container\"><!-- flash movie ends up here --><\/div><\/div><\/div> &nbsp; [Musical ELISABETH] Ich Geh\u00f6r Nur Mir<\/p>\n<p style=\"padding-left: 60px;\"><div class=\"compact_audio_player_wrapper\"><div class=\"sc_player_container1\"><input type=\"button\" id=\"btnplay_69f5b15ea014e0.88626079\" class=\"myButton_play\" onClick=\"play_mp3('play','69f5b15ea014e0.88626079','http:\/\/www.tanzmusik-dreams.at\/wp-content\/uploads\/mp3\/NewYork(Angie).mp3','80','false');show_hide('play','69f5b15ea014e0.88626079');\" \/><input type=\"button\"  id=\"btnstop_69f5b15ea014e0.88626079\" style=\"display:none\" class=\"myButton_stop\" onClick=\"play_mp3('stop','69f5b15ea014e0.88626079','','80','false');show_hide('stop','69f5b15ea014e0.88626079');\" \/><div id=\"sm2-container\"><!-- flash movie ends up here --><\/div><\/div><\/div> &nbsp; [Musical NEW YORK] New York, New York<\/p>\n<p style=\"padding-left: 60px;\"><div class=\"compact_audio_player_wrapper\"><div class=\"sc_player_container1\"><input type=\"button\" id=\"btnplay_69f5b15ea18955.65785802\" class=\"myButton_play\" onClick=\"play_mp3('play','69f5b15ea18955.65785802','http:\/\/www.tanzmusik-dreams.at\/wp-content\/uploads\/mp3\/MyHeartWillGoOn(Angie).mp3','80','false');show_hide('play','69f5b15ea18955.65785802');\" \/><input type=\"button\"  id=\"btnstop_69f5b15ea18955.65785802\" style=\"display:none\" class=\"myButton_stop\" onClick=\"play_mp3('stop','69f5b15ea18955.65785802','','80','false');show_hide('stop','69f5b15ea18955.65785802');\" \/><div id=\"sm2-container\"><!-- flash movie ends up here --><\/div><\/div><\/div> &nbsp; [Musical TITANIC] My Heart Will Go On<\/p>\n<p style=\"padding-left: 60px;\"><div class=\"compact_audio_player_wrapper\"><div class=\"sc_player_container1\"><input type=\"button\" id=\"btnplay_69f5b15ea39680.60082554\" class=\"myButton_play\" onClick=\"play_mp3('play','69f5b15ea39680.60082554','http:\/\/www.tanzmusik-dreams.at\/wp-content\/uploads\/mp3\/TimeToSayGoodbye(Angie).mp3','80','false');show_hide('play','69f5b15ea39680.60082554');\" \/><input type=\"button\"  id=\"btnstop_69f5b15ea39680.60082554\" style=\"display:none\" class=\"myButton_stop\" onClick=\"play_mp3('stop','69f5b15ea39680.60082554','','80','false');show_hide('stop','69f5b15ea39680.60082554');\" \/><div id=\"sm2-container\"><!-- flash movie ends up here --><\/div><\/div><\/div> &nbsp; Time To Say Goodbye<\/p>\n<p style=\"padding-left: 60px;\"><div class=\"compact_audio_player_wrapper\"><div class=\"sc_player_container1\"><input type=\"button\" id=\"btnplay_69f5b15ea538d4.76616276\" class=\"myButton_play\" onClick=\"play_mp3('play','69f5b15ea538d4.76616276','http:\/\/tanzmusik-dreams.at\/wp-content\/uploads\/mp3\/Machen_Wirs_Den_Schwalben_Nach.mp3','80','false');show_hide('play','69f5b15ea538d4.76616276');\" \/><input type=\"button\"  id=\"btnstop_69f5b15ea538d4.76616276\" style=\"display:none\" class=\"myButton_stop\" onClick=\"play_mp3('stop','69f5b15ea538d4.76616276','','80','false');show_hide('stop','69f5b15ea538d4.76616276');\" \/><div id=\"sm2-container\"><!-- flash movie ends up here --><\/div><\/div><\/div> &nbsp; [Operette DIE CSARDASF\u00dcRSTIN] Machen wir&#8217;s den Schwalben nach<\/p>\n<p style=\"padding-left: 60px;\"><div class=\"compact_audio_player_wrapper\"><div class=\"sc_player_container1\"><input type=\"button\" id=\"btnplay_69f5b15ea6e426.80788824\" class=\"myButton_play\" onClick=\"play_mp3('play','69f5b15ea6e426.80788824','http:\/\/tanzmusik-dreams.at\/wp-content\/uploads\/mp3\/Tanzen_Moecht_Ich.mp3','80','false');show_hide('play','69f5b15ea6e426.80788824');\" \/><input type=\"button\"  id=\"btnstop_69f5b15ea6e426.80788824\" style=\"display:none\" class=\"myButton_stop\" onClick=\"play_mp3('stop','69f5b15ea6e426.80788824','','80','false');show_hide('stop','69f5b15ea6e426.80788824');\" \/><div id=\"sm2-container\"><!-- flash movie ends up here --><\/div><\/div><\/div>&nbsp;[Operette DIE CSARDASF\u00dcRSTIN] Tanzen m\u00f6cht ich<\/p>\n<p style=\"padding-left: 60px;\"><div class=\"compact_audio_player_wrapper\"><div class=\"sc_player_container1\"><input type=\"button\" id=\"btnplay_69f5b15ea842f0.02957671\" class=\"myButton_play\" onClick=\"play_mp3('play','69f5b15ea842f0.02957671','http:\/\/tanzmusik-dreams.at\/wp-content\/uploads\/mp3\/Im_Prater_Bluehen_Wieder_Die_Baeume.mp3','80','false');show_hide('play','69f5b15ea842f0.02957671');\" \/><input type=\"button\"  id=\"btnstop_69f5b15ea842f0.02957671\" style=\"display:none\" class=\"myButton_stop\" onClick=\"play_mp3('stop','69f5b15ea842f0.02957671','','80','false');show_hide('stop','69f5b15ea842f0.02957671');\" \/><div id=\"sm2-container\"><!-- flash movie ends up here --><\/div><\/div><\/div>&nbsp;[Wienerlied] Im Prater bl\u00fch&#8217;n wieder die B\u00e4ume<\/p>\n<p style=\"padding-left: 60px;\"><div class=\"compact_audio_player_wrapper\"><div class=\"sc_player_container1\"><input type=\"button\" id=\"btnplay_69f5b15ea9b0b0.67309211\" class=\"myButton_play\" onClick=\"play_mp3('play','69f5b15ea9b0b0.67309211','http:\/\/tanzmusik-dreams.at\/wp-content\/uploads\/mp3\/Wien_Wien_nur_du_allein.mp3','80','false');show_hide('play','69f5b15ea9b0b0.67309211');\" \/><input type=\"button\"  id=\"btnstop_69f5b15ea9b0b0.67309211\" style=\"display:none\" class=\"myButton_stop\" onClick=\"play_mp3('stop','69f5b15ea9b0b0.67309211','','80','false');show_hide('stop','69f5b15ea9b0b0.67309211');\" \/><div id=\"sm2-container\"><!-- flash movie ends up here --><\/div><\/div><\/div>&nbsp;[Operette] Wien Wien nur du allein<\/p>\n","protected":false},"excerpt":{"rendered":"<p>Operette &amp; Musical Ein Musikprogramm der gro\u00dfen Melodien: Operetten &amp; Musicals &nbsp;&nbsp;&nbsp; Erleben Sie eine unvergleichliche musikalische Reise, die Sie von den charmanten Operetten zu den mitrei\u00dfenden Hits der Musicals f\u00fchrt. Ein einzigartiges Programm, das Herz und Seele gleicherma\u00dfen ber\u00fchrt. Duo-Besetzung: Luigi &amp; Angie &#8211; die goldene Stimme von Wien. \u2026<\/p>\n<p class=\"continue-reading-button\"> <a class=\"continue-reading-link\" href=\"http:\/\/tanzmusik-dreams.at\/?page_id=368\">Continue reading<i class=\"crycon-right-dir\"><\/i><\/a><\/p>\n","protected":false},"author":1,"featured_media":0,"parent":0,"menu_order":0,"comment_status":"closed","ping_status":"closed","template":"","meta":{"ngg_post_thumbnail":0},"aioseo_notices":[],"_links":{"self":[{"href":"http:\/\/tanzmusik-dreams.at\/index.php?rest_route=\/wp\/v2\/pages\/368"}],"collection":[{"href":"http:\/\/tanzmusik-dreams.at\/index.php?rest_route=\/wp\/v2\/pages"}],"about":[{"href":"http:\/\/tanzmusik-dreams.at\/index.php?rest_route=\/wp\/v2\/types\/page"}],"author":[{"embeddable":true,"href":"http:\/\/tanzmusik-dreams.at\/index.php?rest_route=\/wp\/v2\/users\/1"}],"replies":[{"embeddable":true,"href":"http:\/\/tanzmusik-dreams.at\/index.php?rest_route=%2Fwp%2Fv2%2Fcomments&post=368"}],"version-history":[{"count":15,"href":"http:\/\/tanzmusik-dreams.at\/index.php?rest_route=\/wp\/v2\/pages\/368\/revisions"}],"predecessor-version":[{"id":472,"href":"http:\/\/tanzmusik-dreams.at\/index.php?rest_route=\/wp\/v2\/pages\/368\/revisions\/472"}],"wp:attachment":[{"href":"http:\/\/tanzmusik-dreams.at\/index.php?rest_route=%2Fwp%2Fv2%2Fmedia&parent=368"}],"curies":[{"name":"wp","href":"https:\/\/api.w.org\/{rel}","templated":true}]}}