{"id":40,"date":"2015-11-24T11:51:44","date_gmt":"2015-11-24T11:51:44","guid":{"rendered":"http:\/\/tanzmusik-dreams.at\/?page_id=40"},"modified":"2015-11-24T14:02:19","modified_gmt":"2015-11-24T14:02:19","slug":"impressum","status":"publish","type":"page","link":"https:\/\/tanzmusik-dreams.at\/?page_id=40","title":{"rendered":"Impressum"},"content":{"rendered":"<p>Diese Website wird von &#8222;Tanzmusik-Dreams&#8220; betrieben.<\/p>\n<p>Tanz- und Unterhaltungsmusik &#8222;Dreams&#8220;<br \/>\nAlois G\u00f6ller<br \/>\n1090 Wien<br \/>\nMobil: +43 (0)699 &#8211; 114 04 636<br \/>\nE-Mail: <a href=\"mailto:luigi.tanzmusik@gmail.com\">luigi.tanzmusik@gmail.com<\/a><br \/>\nInternet: <a href=\"http:\/\/www.tanzmusik-dreams.at\" target=\"_blank\">www.tanzmusik-dreams.at<\/a><\/p>\n<p>&nbsp;<\/p>\n<p><strong>Rechtliche Hinweise:<\/strong><br \/>\nDie auf der Internetseite zur Verf\u00fcgung gestellten Informationen unterliegen einer regelm\u00e4\u00dfigen Pr\u00fcfung und Aktualisierung. Trotz aller Sorgfalt k\u00f6nnen sich die Daten inzwischen ver\u00e4ndert haben. F\u00fcr Richtigkeit, Vollst\u00e4ndigkeit und Aktualit\u00e4t kann keine Haftung oder Garantie \u00fcbernommen werden.<\/p>\n<p>Wir behalten uns das recht vor, \u00c4nderungen oder Erg\u00e4nzungen an den bereitgestellten Informationen vorzunehmen oder die Ver\u00f6ffentlichung zeitweise oder endg\u00fcltig einzustellen.Verweise und<\/p>\n<p><strong>Links:<\/strong><br \/>\nTrotz sorgf\u00e4ltiger inhaltlicher Kontrolle \u00fcbernehmen wir keine Haftung f\u00fcr die Inhalte externer Links. F\u00fcr den Inhalt der verlinkten Seiten sind ausschlie\u00dflich deren Betreiber verantwortlich.<\/p>\n<p><strong>Haftung:<\/strong><br \/>\nHaftungsanspr\u00fcche gegen uns, welche sich auf Sch\u00e4den materieller oder ideeller Art beziehen, die durch die Nutzung oder Nichtnutzung der dargebotenen Informationen bzw. durch die Nutzung fehlerhafter und unvollst\u00e4ndiger Informationen verursacht wurden, sind grunds\u00e4tzlich ausgeschlossen, sofern seitens von uns kein nachweislich vors\u00e4tzliches oder grob fahrl\u00e4ssiges Verschulden vorliegt. Alle Angebote sind freibleibend und unverbindlich.<\/p>\n<p><strong>Urheberrecht:<\/strong><br \/>\nInhalt und Struktur der Internetseiten sind urheberrechtlich gesch\u00fctzt. Die Vervielf\u00e4ltigung, Verbreitung, Ver\u00f6ffentlichung, Ver\u00e4nderung, Bereitstellung f\u00fcr Dritte bedarf der vorherigen, ausdr\u00fccklichen meiner\/unserer schriftlichen Zustimmung.<\/p>\n<p>&nbsp;<\/p>\n<p><strong>Konzeption &amp; Design:<\/strong><br \/>\n<a href=\"http:\/\/www.jodo-media.at\" target=\"_blank\"><img src=\"http:\/\/www.jodo-media.at\/webmaster\/jodo_media.gif\" alt=\"\" align=\"baseline\" border=\"0\" \/><\/a> JODO-Media<\/p>\n","protected":false},"excerpt":{"rendered":"<p>Diese Website wird von &#8222;Tanzmusik-Dreams&#8220; betrieben. Tanz- und Unterhaltungsmusik &#8222;Dreams&#8220; Alois G\u00f6ller 1090 Wien Mobil: +43 (0)699 &#8211; 114 04 636 E-Mail: luigi.tanzmusik@gmail.com Internet: www.tanzmusik-dreams.at &nbsp; Rechtliche Hinweise: Die auf der Internetseite zur Verf\u00fcgung gestellten Informationen unterliegen einer regelm\u00e4\u00dfigen Pr\u00fcfung und Aktualisierung. Trotz aller Sorgfalt k\u00f6nnen sich die Daten inzwischen \u2026<\/p>\n<p class=\"continue-reading-button\"> <a class=\"continue-reading-link\" href=\"https:\/\/tanzmusik-dreams.at\/?page_id=40\">Continue reading<i class=\"crycon-right-dir\"><\/i><\/a><\/p>\n","protected":false},"author":1,"featured_media":0,"parent":0,"menu_order":0,"comment_status":"closed","ping_status":"closed","template":"","meta":{"ngg_post_thumbnail":0},"aioseo_notices":[],"_links":{"self":[{"href":"https:\/\/tanzmusik-dreams.at\/index.php?rest_route=\/wp\/v2\/pages\/40"}],"collection":[{"href":"https:\/\/tanzmusik-dreams.at\/index.php?rest_route=\/wp\/v2\/pages"}],"about":[{"href":"https:\/\/tanzmusik-dreams.at\/index.php?rest_route=\/wp\/v2\/types\/page"}],"author":[{"embeddable":true,"href":"https:\/\/tanzmusik-dreams.at\/index.php?rest_route=\/wp\/v2\/users\/1"}],"replies":[{"embeddable":true,"href":"https:\/\/tanzmusik-dreams.at\/index.php?rest_route=%2Fwp%2Fv2%2Fcomments&post=40"}],"version-history":[{"count":1,"href":"https:\/\/tanzmusik-dreams.at\/index.php?rest_route=\/wp\/v2\/pages\/40\/revisions"}],"predecessor-version":[{"id":41,"href":"https:\/\/tanzmusik-dreams.at\/index.php?rest_route=\/wp\/v2\/pages\/40\/revisions\/41"}],"wp:attachment":[{"href":"https:\/\/tanzmusik-dreams.at\/index.php?rest_route=%2Fwp%2Fv2%2Fmedia&parent=40"}],"curies":[{"name":"wp","href":"https:\/\/api.w.org\/{rel}","templated":true}]}}